{"id":961,"date":"2022-04-01T19:19:46","date_gmt":"2022-04-01T19:19:46","guid":{"rendered":"https:\/\/retoshop.de\/?post_type=product&#038;p=961"},"modified":"2022-04-01T19:19:46","modified_gmt":"2022-04-01T19:19:46","slug":"gorenje-vollraumkuhlschrank","status":"publish","type":"product","link":"https:\/\/retoshop.de\/?product=gorenje-vollraumkuhlschrank","title":{"rendered":"GORENJE Vollraumk\u00fchlschrank"},"content":{"rendered":"<ul class=\"prd_sellingPoints__list pl_copy100\">\n<li>Rauminhalt Gesamt: 368 Liter \/ H\u00f6he: 185 cm \/ Breite: 60 cm<\/li>\n<li>Gro\u00dfraum-K\u00fchlschrank mit LED-Beleuchtung und dynamischer Umluftk\u00fchlung mit Innenventilator<\/li>\n<li>Sch\u00f6ne verchromte Flaschenablage zur optimalen Lagerung von Wein\/Sektflaschen!<\/li>\n<li>Luftschallemission: 38 dB(A) &#8211; fl\u00fcsterleise im Betrieb!<\/li>\n<\/ul>\n<p class=\"pl_copy100\" data-qa=\"rc_image-teaser-text\">Obst und Gem\u00fcse &#8211; wie frisch geerntet<\/p>\n<p>Das ger\u00e4umige CrispZone XL-Schubfach z\u00e4hlt zu den gr\u00f6\u00dften Obst- und Gem\u00fcseschubf\u00e4chern am Markt. Dort bleiben Obst und Gem\u00fcse nicht nur frisch, sondern Sie k\u00f6nnen sogar die Luftfeuchtigkeit regulieren. Mit Hilfe eines Feuchtereglers k\u00f6nnen Sie die Luftfeuchtigkeit ganz einfach einstellen. Die Lebensmittel bleiben viel l\u00e4nger frisch und knackig und behalten ihre Vitamine bei.<\/p>\n<p>&nbsp;<\/p>\n<p>&nbsp;<\/p>\n<p>&nbsp;<\/p>\n","protected":false},"excerpt":{"rendered":"<p>Rauminhalt Gesamt: 368 Liter \/ H\u00f6he: 185 cm \/ Breite: 60 cm Gro\u00dfraum-K\u00fchlschrank mit LED-Beleuchtung und dynamischer Umluftk\u00fchlung mit Innenventilator Sch\u00f6ne verchromte Flaschenablage zur optimalen Lagerung von Wein\/Sektflaschen! Luftschallemission: 38 dB(A) &#8211; fl\u00fcsterleise im Betrieb! Obst und Gem\u00fcse &#8211; wie frisch geerntet Das ger\u00e4umige CrispZone XL-Schubfach z\u00e4hlt zu den gr\u00f6\u00dften Obst- und Gem\u00fcseschubf\u00e4chern am Markt. [&hellip;]<\/p>\n","protected":false},"featured_media":962,"comment_status":"open","ping_status":"closed","template":"","meta":{"_et_pb_use_builder":"","_et_pb_old_content":"","_et_gb_content_width":"","om_disable_all_campaigns":false,"_monsterinsights_skip_tracking":false,"_monsterinsights_sitenote_active":false,"_monsterinsights_sitenote_note":"","_monsterinsights_sitenote_category":0,"_joinchat":[]},"product_brand":[],"product_cat":[20,29],"product_tag":[],"class_list":{"0":"post-961","1":"product","2":"type-product","3":"status-publish","4":"has-post-thumbnail","6":"product_cat-haushaltsgeraete","7":"product_cat-kuehlzellen-und-amerikanisch","9":"first","10":"instock","11":"sale","12":"shipping-taxable","13":"purchasable","14":"product-type-simple"},"yoast_head":"<!-- This site is optimized with the Yoast SEO plugin v26.9 - https:\/\/yoast.com\/product\/yoast-seo-wordpress\/ -->\n<title>GORENJE Vollraumk\u00fchlschrank - retoshop.de<\/title>\n<meta name=\"robots\" content=\"index, follow, max-snippet:-1, max-image-preview:large, max-video-preview:-1\" \/>\n<link rel=\"canonical\" href=\"https:\/\/retoshop.de\/?product=gorenje-vollraumkuhlschrank\" \/>\n<meta property=\"og:locale\" content=\"de_DE\" \/>\n<meta property=\"og:type\" content=\"article\" \/>\n<meta property=\"og:title\" content=\"GORENJE Vollraumk\u00fchlschrank - retoshop.de\" \/>\n<meta property=\"og:description\" content=\"Rauminhalt Gesamt: 368 Liter \/ H\u00f6he: 185 cm \/ Breite: 60 cm Gro\u00dfraum-K\u00fchlschrank mit LED-Beleuchtung und dynamischer Umluftk\u00fchlung mit Innenventilator Sch\u00f6ne verchromte Flaschenablage zur optimalen Lagerung von Wein\/Sektflaschen! Luftschallemission: 38 dB(A) &#8211; fl\u00fcsterleise im Betrieb! Obst und Gem\u00fcse &#8211; wie frisch geerntet Das ger\u00e4umige CrispZone XL-Schubfach z\u00e4hlt zu den gr\u00f6\u00dften Obst- und Gem\u00fcseschubf\u00e4chern am Markt. [&hellip;]\" \/>\n<meta property=\"og:url\" content=\"https:\/\/retoshop.de\/?product=gorenje-vollraumkuhlschrank\" \/>\n<meta property=\"og:site_name\" content=\"retoshop.de\" \/>\n<meta property=\"og:image\" content=\"https:\/\/retoshop.de\/wp-content\/uploads\/2022\/04\/B13774EC-728A-49B8-9967-858BFA0B2F95.jpeg\" \/>\n\t<meta property=\"og:image:width\" content=\"650\" \/>\n\t<meta property=\"og:image:height\" content=\"1074\" \/>\n\t<meta property=\"og:image:type\" content=\"image\/jpeg\" \/>\n<meta name=\"twitter:card\" content=\"summary_large_image\" \/>\n<meta name=\"twitter:label1\" content=\"Gesch\u00e4tzte Lesezeit\" \/>\n\t<meta name=\"twitter:data1\" content=\"1\u00a0Minute\" \/>\n<script type=\"application\/ld+json\" class=\"yoast-schema-graph\">{\"@context\":\"https:\/\/schema.org\",\"@graph\":[{\"@type\":\"WebPage\",\"@id\":\"https:\/\/retoshop.de\/?product=gorenje-vollraumkuhlschrank\",\"url\":\"https:\/\/retoshop.de\/?product=gorenje-vollraumkuhlschrank\",\"name\":\"GORENJE Vollraumk\u00fchlschrank - retoshop.de\",\"isPartOf\":{\"@id\":\"https:\/\/retoshop.de\/#website\"},\"primaryImageOfPage\":{\"@id\":\"https:\/\/retoshop.de\/?product=gorenje-vollraumkuhlschrank#primaryimage\"},\"image\":{\"@id\":\"https:\/\/retoshop.de\/?product=gorenje-vollraumkuhlschrank#primaryimage\"},\"thumbnailUrl\":\"https:\/\/retoshop.de\/wp-content\/uploads\/2022\/04\/B13774EC-728A-49B8-9967-858BFA0B2F95.jpeg\",\"datePublished\":\"2022-04-01T19:19:46+00:00\",\"breadcrumb\":{\"@id\":\"https:\/\/retoshop.de\/?product=gorenje-vollraumkuhlschrank#breadcrumb\"},\"inLanguage\":\"de\",\"potentialAction\":[{\"@type\":\"ReadAction\",\"target\":[\"https:\/\/retoshop.de\/?product=gorenje-vollraumkuhlschrank\"]}]},{\"@type\":\"ImageObject\",\"inLanguage\":\"de\",\"@id\":\"https:\/\/retoshop.de\/?product=gorenje-vollraumkuhlschrank#primaryimage\",\"url\":\"https:\/\/retoshop.de\/wp-content\/uploads\/2022\/04\/B13774EC-728A-49B8-9967-858BFA0B2F95.jpeg\",\"contentUrl\":\"https:\/\/retoshop.de\/wp-content\/uploads\/2022\/04\/B13774EC-728A-49B8-9967-858BFA0B2F95.jpeg\",\"width\":650,\"height\":1074},{\"@type\":\"BreadcrumbList\",\"@id\":\"https:\/\/retoshop.de\/?product=gorenje-vollraumkuhlschrank#breadcrumb\",\"itemListElement\":[{\"@type\":\"ListItem\",\"position\":1,\"name\":\"Portada\",\"item\":\"https:\/\/retoshop.de\/\"},{\"@type\":\"ListItem\",\"position\":2,\"name\":\"Gesch\u00e4ft\",\"item\":\"https:\/\/retoshop.de\/?page_id=349\"},{\"@type\":\"ListItem\",\"position\":3,\"name\":\"GORENJE Vollraumk\u00fchlschrank\"}]},{\"@type\":\"WebSite\",\"@id\":\"https:\/\/retoshop.de\/#website\",\"url\":\"https:\/\/retoshop.de\/\",\"name\":\"retoshop.de\",\"description\":\"Outlet de grandes marcas\",\"publisher\":{\"@id\":\"https:\/\/retoshop.de\/#organization\"},\"potentialAction\":[{\"@type\":\"SearchAction\",\"target\":{\"@type\":\"EntryPoint\",\"urlTemplate\":\"https:\/\/retoshop.de\/?s={search_term_string}\"},\"query-input\":{\"@type\":\"PropertyValueSpecification\",\"valueRequired\":true,\"valueName\":\"search_term_string\"}}],\"inLanguage\":\"de\"},{\"@type\":\"Organization\",\"@id\":\"https:\/\/retoshop.de\/#organization\",\"name\":\"retoshop.de\",\"url\":\"https:\/\/retoshop.de\/\",\"logo\":{\"@type\":\"ImageObject\",\"inLanguage\":\"de\",\"@id\":\"https:\/\/retoshop.de\/#\/schema\/logo\/image\/\",\"url\":\"https:\/\/retoshop.de\/wp-content\/uploads\/2022\/03\/logo-menu.png\",\"contentUrl\":\"https:\/\/retoshop.de\/wp-content\/uploads\/2022\/03\/logo-menu.png\",\"width\":317,\"height\":167,\"caption\":\"retoshop.de\"},\"image\":{\"@id\":\"https:\/\/retoshop.de\/#\/schema\/logo\/image\/\"}}]}<\/script>\n<!-- \/ Yoast SEO plugin. -->","yoast_head_json":{"title":"GORENJE Vollraumk\u00fchlschrank - retoshop.de","robots":{"index":"index","follow":"follow","max-snippet":"max-snippet:-1","max-image-preview":"max-image-preview:large","max-video-preview":"max-video-preview:-1"},"canonical":"https:\/\/retoshop.de\/?product=gorenje-vollraumkuhlschrank","og_locale":"de_DE","og_type":"article","og_title":"GORENJE Vollraumk\u00fchlschrank - retoshop.de","og_description":"Rauminhalt Gesamt: 368 Liter \/ H\u00f6he: 185 cm \/ Breite: 60 cm Gro\u00dfraum-K\u00fchlschrank mit LED-Beleuchtung und dynamischer Umluftk\u00fchlung mit Innenventilator Sch\u00f6ne verchromte Flaschenablage zur optimalen Lagerung von Wein\/Sektflaschen! Luftschallemission: 38 dB(A) &#8211; fl\u00fcsterleise im Betrieb! Obst und Gem\u00fcse &#8211; wie frisch geerntet Das ger\u00e4umige CrispZone XL-Schubfach z\u00e4hlt zu den gr\u00f6\u00dften Obst- und Gem\u00fcseschubf\u00e4chern am Markt. [&hellip;]","og_url":"https:\/\/retoshop.de\/?product=gorenje-vollraumkuhlschrank","og_site_name":"retoshop.de","og_image":[{"width":650,"height":1074,"url":"https:\/\/retoshop.de\/wp-content\/uploads\/2022\/04\/B13774EC-728A-49B8-9967-858BFA0B2F95.jpeg","type":"image\/jpeg"}],"twitter_card":"summary_large_image","twitter_misc":{"Gesch\u00e4tzte Lesezeit":"1\u00a0Minute"},"schema":{"@context":"https:\/\/schema.org","@graph":[{"@type":"WebPage","@id":"https:\/\/retoshop.de\/?product=gorenje-vollraumkuhlschrank","url":"https:\/\/retoshop.de\/?product=gorenje-vollraumkuhlschrank","name":"GORENJE Vollraumk\u00fchlschrank - retoshop.de","isPartOf":{"@id":"https:\/\/retoshop.de\/#website"},"primaryImageOfPage":{"@id":"https:\/\/retoshop.de\/?product=gorenje-vollraumkuhlschrank#primaryimage"},"image":{"@id":"https:\/\/retoshop.de\/?product=gorenje-vollraumkuhlschrank#primaryimage"},"thumbnailUrl":"https:\/\/retoshop.de\/wp-content\/uploads\/2022\/04\/B13774EC-728A-49B8-9967-858BFA0B2F95.jpeg","datePublished":"2022-04-01T19:19:46+00:00","breadcrumb":{"@id":"https:\/\/retoshop.de\/?product=gorenje-vollraumkuhlschrank#breadcrumb"},"inLanguage":"de","potentialAction":[{"@type":"ReadAction","target":["https:\/\/retoshop.de\/?product=gorenje-vollraumkuhlschrank"]}]},{"@type":"ImageObject","inLanguage":"de","@id":"https:\/\/retoshop.de\/?product=gorenje-vollraumkuhlschrank#primaryimage","url":"https:\/\/retoshop.de\/wp-content\/uploads\/2022\/04\/B13774EC-728A-49B8-9967-858BFA0B2F95.jpeg","contentUrl":"https:\/\/retoshop.de\/wp-content\/uploads\/2022\/04\/B13774EC-728A-49B8-9967-858BFA0B2F95.jpeg","width":650,"height":1074},{"@type":"BreadcrumbList","@id":"https:\/\/retoshop.de\/?product=gorenje-vollraumkuhlschrank#breadcrumb","itemListElement":[{"@type":"ListItem","position":1,"name":"Portada","item":"https:\/\/retoshop.de\/"},{"@type":"ListItem","position":2,"name":"Gesch\u00e4ft","item":"https:\/\/retoshop.de\/?page_id=349"},{"@type":"ListItem","position":3,"name":"GORENJE Vollraumk\u00fchlschrank"}]},{"@type":"WebSite","@id":"https:\/\/retoshop.de\/#website","url":"https:\/\/retoshop.de\/","name":"retoshop.de","description":"Outlet de grandes marcas","publisher":{"@id":"https:\/\/retoshop.de\/#organization"},"potentialAction":[{"@type":"SearchAction","target":{"@type":"EntryPoint","urlTemplate":"https:\/\/retoshop.de\/?s={search_term_string}"},"query-input":{"@type":"PropertyValueSpecification","valueRequired":true,"valueName":"search_term_string"}}],"inLanguage":"de"},{"@type":"Organization","@id":"https:\/\/retoshop.de\/#organization","name":"retoshop.de","url":"https:\/\/retoshop.de\/","logo":{"@type":"ImageObject","inLanguage":"de","@id":"https:\/\/retoshop.de\/#\/schema\/logo\/image\/","url":"https:\/\/retoshop.de\/wp-content\/uploads\/2022\/03\/logo-menu.png","contentUrl":"https:\/\/retoshop.de\/wp-content\/uploads\/2022\/03\/logo-menu.png","width":317,"height":167,"caption":"retoshop.de"},"image":{"@id":"https:\/\/retoshop.de\/#\/schema\/logo\/image\/"}}]}},"_links":{"self":[{"href":"https:\/\/retoshop.de\/index.php?rest_route=\/wp\/v2\/product\/961","targetHints":{"allow":["GET"]}}],"collection":[{"href":"https:\/\/retoshop.de\/index.php?rest_route=\/wp\/v2\/product"}],"about":[{"href":"https:\/\/retoshop.de\/index.php?rest_route=\/wp\/v2\/types\/product"}],"replies":[{"embeddable":true,"href":"https:\/\/retoshop.de\/index.php?rest_route=%2Fwp%2Fv2%2Fcomments&post=961"}],"wp:featuredmedia":[{"embeddable":true,"href":"https:\/\/retoshop.de\/index.php?rest_route=\/wp\/v2\/media\/962"}],"wp:attachment":[{"href":"https:\/\/retoshop.de\/index.php?rest_route=%2Fwp%2Fv2%2Fmedia&parent=961"}],"wp:term":[{"taxonomy":"product_brand","embeddable":true,"href":"https:\/\/retoshop.de\/index.php?rest_route=%2Fwp%2Fv2%2Fproduct_brand&post=961"},{"taxonomy":"product_cat","embeddable":true,"href":"https:\/\/retoshop.de\/index.php?rest_route=%2Fwp%2Fv2%2Fproduct_cat&post=961"},{"taxonomy":"product_tag","embeddable":true,"href":"https:\/\/retoshop.de\/index.php?rest_route=%2Fwp%2Fv2%2Fproduct_tag&post=961"}],"curies":[{"name":"wp","href":"https:\/\/api.w.org\/{rel}","templated":true}]}}